{"id":494,"date":"2026-01-08T22:16:14","date_gmt":"2026-01-08T14:16:14","guid":{"rendered":"https:\/\/swallowpc.com\/?page_id=494"},"modified":"2026-01-13T09:29:42","modified_gmt":"2026-01-13T01:29:42","slug":"home-2","status":"publish","type":"page","link":"https:\/\/swallowpc.com\/fr\/","title":{"rendered":"Accueil"},"content":{"rendered":"<div data-elementor-type=\"wp-page\" data-elementor-id=\"494\" class=\"elementor elementor-494\" data-elementor-post-type=\"page\">\n\t\t\t\t<div class=\"elementor-element elementor-element-50609a6 e-con-full e-flex e-con e-parent\" data-id=\"50609a6\" data-element_type=\"container\" data-settings=\"{&quot;background_background&quot;:&quot;classic&quot;}\">\n\t\t<div class=\"elementor-element elementor-element-aab6869 e-con-full e-flex e-con e-child\" data-id=\"aab6869\" data-element_type=\"container\" data-settings=\"{&quot;background_background&quot;:&quot;classic&quot;}\">\n\t\t\t\t<div class=\"elementor-element elementor-element-8a7388e elementor-widget-divider--view-line elementor-widget elementor-widget-divider\" data-id=\"8a7388e\" data-element_type=\"widget\" data-widget_type=\"divider.default\">\n\t\t\t\t\t\t\t<div class=\"elementor-divider\">\n\t\t\t<span class=\"elementor-divider-separator\">\n\t\t\t\t\t\t<\/span>\n\t\t<\/div>\n\t\t\t\t\t\t<\/div>\n\t\t\t\t<div class=\"elementor-element elementor-element-9f207b7 elementor-widget elementor-widget-heading\" data-id=\"9f207b7\" data-element_type=\"widget\" data-widget_type=\"heading.default\">\n\t\t\t\t\t<h1 class=\"elementor-heading-title elementor-size-default\">Aper\u00e7u strat\u00e9gique, <br>Impact mondial<\/h1>\t\t\t\t<\/div>\n\t\t\t\t<div class=\"elementor-element elementor-element-3473fe4 elementor-widget elementor-widget-text-editor\" data-id=\"3473fe4\" data-element_type=\"widget\" data-widget_type=\"text-editor.default\">\n\t\t\t\t\t\t\t\t\t<p><em class=\"qk-md-em\"><span class=\"qk-md-text complete\">L'int\u00e9gration d'une recherche approfondie sur les politiques et d'un conseil strat\u00e9gique permet d'atteindre l'excellence en mati\u00e8re d'action pour votre entreprise mondiale.<\/span><\/em><\/p>\t\t\t\t\t\t\t\t<\/div>\n\t\t\t\t<\/div>\n\t\t\t\t<\/div>\n\t\t<div class=\"elementor-element elementor-element-653c496 e-con-full e-flex e-con e-parent\" data-id=\"653c496\" data-element_type=\"container\">\n\t\t<div class=\"elementor-element elementor-element-aead595 e-con-full e-flex e-con e-child\" data-id=\"aead595\" data-element_type=\"container\">\n\t\t\t\t<div class=\"elementor-element elementor-element-1df819a elementor-widget-divider--view-line elementor-widget elementor-widget-divider\" data-id=\"1df819a\" data-element_type=\"widget\" data-widget_type=\"divider.default\">\n\t\t\t\t\t\t\t<div class=\"elementor-divider\">\n\t\t\t<span class=\"elementor-divider-separator\">\n\t\t\t\t\t\t<\/span>\n\t\t<\/div>\n\t\t\t\t\t\t<\/div>\n\t\t<div class=\"elementor-element elementor-element-a9b0bc3 e-con-full e-flex e-con e-child\" data-id=\"a9b0bc3\" data-element_type=\"container\">\n\t\t<div class=\"elementor-element elementor-element-d7bf04c e-con-full e-flex e-con e-child\" data-id=\"d7bf04c\" data-element_type=\"container\">\n\t\t\t\t<div class=\"elementor-element elementor-element-ce82496 elementor-widget elementor-widget-heading\" data-id=\"ce82496\" data-element_type=\"widget\" data-widget_type=\"heading.default\">\n\t\t\t\t\t<h6 class=\"elementor-heading-title elementor-size-default\">A propos de nous<\/h6>\t\t\t\t<\/div>\n\t\t\t\t<div class=\"elementor-element elementor-element-8ca23f2 elementor-widget elementor-widget-heading\" data-id=\"8ca23f2\" data-element_type=\"widget\" data-widget_type=\"heading.default\">\n\t\t\t\t\t<h4 class=\"elementor-heading-title elementor-size-default\">Swallow Policy Consulting (SPC) a \u00e9t\u00e9 cr\u00e9\u00e9 en 2019, avec son si\u00e8ge \u00e0 Singapour et un r\u00e9seau de bureaux dans les principales villes d'Europe et d'Am\u00e9rique du Nord. En tant que premier cabinet de conseil en gestion mondiale, nous nous associons \u00e0 nos clients pour r\u00e9soudre des d\u00e9fis commerciaux complexes. <\/h4>\t\t\t\t<\/div>\n\t\t\t\t<\/div>\n\t\t<div class=\"elementor-element elementor-element-68263e5 e-con-full e-flex e-con e-child\" data-id=\"68263e5\" data-element_type=\"container\">\n\t\t\t\t<div class=\"elementor-element elementor-element-f4f3ea2 elementor-widget elementor-widget-heading\" data-id=\"f4f3ea2\" data-element_type=\"widget\" data-widget_type=\"heading.default\">\n\t\t\t\t\t<h6 class=\"elementor-heading-title elementor-size-default\">Ce que nous faisons<\/h6>\t\t\t\t<\/div>\n\t\t\t\t<div class=\"elementor-element elementor-element-5870df8 elementor-widget elementor-widget-heading\" data-id=\"5870df8\" data-element_type=\"widget\" data-widget_type=\"heading.default\">\n\t\t\t\t\t<h2 class=\"elementor-heading-title elementor-size-default\">Notre gamme compl\u00e8te de services comprend la recherche politique, la planification strat\u00e9gique, etc.<\/h2>\t\t\t\t<\/div>\n\t\t\t\t<div class=\"elementor-element elementor-element-b34f57a elementor-widget elementor-widget-button\" data-id=\"b34f57a\" data-element_type=\"widget\" data-widget_type=\"button.default\">\n\t\t\t\t\t\t\t\t\t\t<a class=\"elementor-button elementor-button-link elementor-size-sm\" href=\"#\">\n\t\t\t\t\t\t<span class=\"elementor-button-content-wrapper\">\n\t\t\t\t\t\t\t\t\t<span class=\"elementor-button-text\">Lire la suite<\/span>\n\t\t\t\t\t<\/span>\n\t\t\t\t\t<\/a>\n\t\t\t\t\t\t\t\t<\/div>\n\t\t\t\t<div class=\"elementor-element elementor-element-3cc71b2 elementor-widget elementor-widget-heading\" data-id=\"3cc71b2\" data-element_type=\"widget\" data-widget_type=\"heading.default\">\n\t\t\t\t\t<h4 class=\"elementor-heading-title elementor-size-default\">Nous proposons une gamme compl\u00e8te de services de conseil destin\u00e9s \u00e0 favoriser une croissance durable. Nos offres commencent par une recherche approfondie sur les politiques pour naviguer dans des paysages r\u00e9glementaires complexes, suivie d'une planification strat\u00e9gique robuste pour d\u00e9finir un positionnement clair sur le march\u00e9. Nous aidons ensuite nos clients \u00e0 optimiser leur organisation pour plus d'agilit\u00e9, \u00e0 am\u00e9liorer leur efficacit\u00e9 op\u00e9rationnelle et \u00e0 mettre en place une transformation num\u00e9rique pour pr\u00e9parer l'avenir. En int\u00e9grant ces disciplines, nous nous assurons que nos solutions sont non seulement compl\u00e8tes mais aussi pr\u00e9cis\u00e9ment adapt\u00e9es pour r\u00e9pondre aux d\u00e9fis uniques d'un march\u00e9 mondial.<\/h4>\t\t\t\t<\/div>\n\t\t\t\t<\/div>\n\t\t\t\t<\/div>\n\t\t\t\t<div class=\"elementor-element elementor-element-7566e1f elementor-widget-divider--view-line elementor-widget elementor-widget-divider\" data-id=\"7566e1f\" data-element_type=\"widget\" data-widget_type=\"divider.default\">\n\t\t\t\t\t\t\t<div class=\"elementor-divider\">\n\t\t\t<span class=\"elementor-divider-separator\">\n\t\t\t\t\t\t<\/span>\n\t\t<\/div>\n\t\t\t\t\t\t<\/div>\n\t\t\t\t<\/div>\n\t\t\t\t<\/div>\n\t\t<div class=\"elementor-element elementor-element-94df7db e-con-full e-flex e-con e-parent\" data-id=\"94df7db\" data-element_type=\"container\" data-settings=\"{&quot;background_background&quot;:&quot;gradient&quot;}\">\n\t\t<div class=\"elementor-element elementor-element-b57c802 e-con-full e-flex e-con e-child\" data-id=\"b57c802\" data-element_type=\"container\">\n\t\t\t\t<div class=\"elementor-element elementor-element-9d6df57 elementor-widget-divider--view-line elementor-widget elementor-widget-divider\" data-id=\"9d6df57\" data-element_type=\"widget\" data-widget_type=\"divider.default\">\n\t\t\t\t\t\t\t<div class=\"elementor-divider\">\n\t\t\t<span class=\"elementor-divider-separator\">\n\t\t\t\t\t\t<\/span>\n\t\t<\/div>\n\t\t\t\t\t\t<\/div>\n\t\t\t\t<div class=\"elementor-element elementor-element-f6dd77b elementor-widget elementor-widget-icon-box\" data-id=\"f6dd77b\" data-element_type=\"widget\" data-widget_type=\"icon-box.default\">\n\t\t\t\t\t\t\t<div class=\"elementor-icon-box-wrapper\">\n\n\t\t\t\n\t\t\t\t\t\t<div class=\"elementor-icon-box-content\">\n\n\t\t\t\t\t\t\t\t\t<h2 class=\"elementor-icon-box-title\">\n\t\t\t\t\t\t<span  >\n\t\t\t\t\t\t\tContactez-nous rapidement et fa\u00e7onnez l'avenir de votre entreprise !\t\t\t\t\t\t<\/span>\n\t\t\t\t\t<\/h2>\n\t\t\t\t\n\t\t\t\t\n\t\t\t<\/div>\n\t\t\t\n\t\t<\/div>\n\t\t\t\t\t\t<\/div>\n\t\t\t\t<div class=\"elementor-element elementor-element-d3d4df7 elementor-mobile-align-center elementor-widget elementor-widget-button\" data-id=\"d3d4df7\" data-element_type=\"widget\" data-widget_type=\"button.default\">\n\t\t\t\t\t\t\t\t\t\t<a class=\"elementor-button elementor-button-link elementor-size-sm\" href=\"https:\/\/swallowpc.com\/fr\/contact-us\/\">\n\t\t\t\t\t\t<span class=\"elementor-button-content-wrapper\">\n\t\t\t\t\t\t\t\t\t<span class=\"elementor-button-text\">Contactez nous<\/span>\n\t\t\t\t\t<\/span>\n\t\t\t\t\t<\/a>\n\t\t\t\t\t\t\t\t<\/div>\n\t\t\t\t<\/div>\n\t\t\t\t<\/div>\n\t\t<div class=\"elementor-element elementor-element-d5f3856 e-flex e-con-boxed e-con e-parent\" data-id=\"d5f3856\" data-element_type=\"container\">\n\t\t\t\t\t<div class=\"e-con-inner\">\n\t\t<div class=\"elementor-element elementor-element-872a398 e-con-full e-flex e-con e-child\" data-id=\"872a398\" data-element_type=\"container\">\n\t\t\t\t<\/div>\n\t\t\t\t\t<\/div>\n\t\t\t\t<\/div>\n\t\t\t\t<\/div>","protected":false},"excerpt":{"rendered":"<p>Strategic Insight, Global Impact Integrating deep policy research with strategic consulting to deliver actionable excellence for your global business. About us Swallow Policy Consulting (SPC) was established in 2019, with its headquarters in Singapore and a network of offices across key cities in Europe and North America. As a premier global management consultancy, we partner [&hellip;]<\/p>","protected":false},"author":1,"featured_media":0,"parent":0,"menu_order":0,"comment_status":"closed","ping_status":"closed","template":"","meta":{"site-sidebar-layout":"no-sidebar","site-content-layout":"page-builder","ast-site-content-layout":"full-width-container","site-content-style":"unboxed","site-sidebar-style":"unboxed","ast-global-header-display":"","ast-banner-title-visibility":"","ast-main-header-display":"","ast-hfb-above-header-display":"","ast-hfb-below-header-display":"","ast-hfb-mobile-header-display":"","site-post-title":"disabled","ast-breadcrumbs-content":"","ast-featured-img":"disabled","footer-sml-layout":"","ast-disable-related-posts":"","theme-transparent-header-meta":"enabled","adv-header-id-meta":"","stick-header-meta":"","header-above-stick-meta":"","header-main-stick-meta":"","header-below-stick-meta":"","astra-migrate-meta-layouts":"set","ast-page-background-enabled":"default","ast-page-background-meta":{"desktop":{"background-color":"var(--ast-global-color-4)","background-image":"","background-repeat":"repeat","background-position":"center center","background-size":"auto","background-attachment":"scroll","background-type":"","background-media":"","overlay-type":"","overlay-color":"","overlay-opacity":"","overlay-gradient":""},"tablet":{"background-color":"","background-image":"","background-repeat":"repeat","background-position":"center center","background-size":"auto","background-attachment":"scroll","background-type":"","background-media":"","overlay-type":"","overlay-color":"","overlay-opacity":"","overlay-gradient":""},"mobile":{"background-color":"","background-image":"","background-repeat":"repeat","background-position":"center center","background-size":"auto","background-attachment":"scroll","background-type":"","background-media":"","overlay-type":"","overlay-color":"","overlay-opacity":"","overlay-gradient":""}},"ast-content-background-meta":{"desktop":{"background-color":"var(--ast-global-color-5)","background-image":"","background-repeat":"repeat","background-position":"center center","background-size":"auto","background-attachment":"scroll","background-type":"","background-media":"","overlay-type":"","overlay-color":"","overlay-opacity":"","overlay-gradient":""},"tablet":{"background-color":"var(--ast-global-color-5)","background-image":"","background-repeat":"repeat","background-position":"center center","background-size":"auto","background-attachment":"scroll","background-type":"","background-media":"","overlay-type":"","overlay-color":"","overlay-opacity":"","overlay-gradient":""},"mobile":{"background-color":"var(--ast-global-color-5)","background-image":"","background-repeat":"repeat","background-position":"center center","background-size":"auto","background-attachment":"scroll","background-type":"","background-media":"","overlay-type":"","overlay-color":"","overlay-opacity":"","overlay-gradient":""}},"footnotes":""},"class_list":["post-494","page","type-page","status-publish","hentry"],"_links":{"self":[{"href":"https:\/\/swallowpc.com\/fr\/wp-json\/wp\/v2\/pages\/494","targetHints":{"allow":["GET"]}}],"collection":[{"href":"https:\/\/swallowpc.com\/fr\/wp-json\/wp\/v2\/pages"}],"about":[{"href":"https:\/\/swallowpc.com\/fr\/wp-json\/wp\/v2\/types\/page"}],"author":[{"embeddable":true,"href":"https:\/\/swallowpc.com\/fr\/wp-json\/wp\/v2\/users\/1"}],"replies":[{"embeddable":true,"href":"https:\/\/swallowpc.com\/fr\/wp-json\/wp\/v2\/comments?post=494"}],"version-history":[{"count":40,"href":"https:\/\/swallowpc.com\/fr\/wp-json\/wp\/v2\/pages\/494\/revisions"}],"predecessor-version":[{"id":1711,"href":"https:\/\/swallowpc.com\/fr\/wp-json\/wp\/v2\/pages\/494\/revisions\/1711"}],"wp:attachment":[{"href":"https:\/\/swallowpc.com\/fr\/wp-json\/wp\/v2\/media?parent=494"}],"curies":[{"name":"wp","href":"https:\/\/api.w.org\/{rel}","templated":true}]}}