{"id":492,"date":"2026-01-08T22:16:14","date_gmt":"2026-01-08T14:16:14","guid":{"rendered":"https:\/\/swallowpc.com\/?page_id=492"},"modified":"2026-01-10T22:39:27","modified_gmt":"2026-01-10T14:39:27","slug":"home","status":"publish","type":"page","link":"https:\/\/swallowpc.com\/fr\/home\/","title":{"rendered":"Service"},"content":{"rendered":"<div data-elementor-type=\"wp-page\" data-elementor-id=\"492\" class=\"elementor elementor-492\" data-elementor-post-type=\"page\">\n\t\t\t\t<div class=\"elementor-element elementor-element-47e6699 e-con-full e-flex e-con e-parent\" data-id=\"47e6699\" data-element_type=\"container\" data-settings=\"{&quot;background_background&quot;:&quot;classic&quot;}\">\n\t\t<div class=\"elementor-element elementor-element-17d70a5 e-con-full e-flex e-con e-child\" data-id=\"17d70a5\" data-element_type=\"container\" data-settings=\"{&quot;background_background&quot;:&quot;classic&quot;}\">\n\t\t\t\t<div class=\"elementor-element elementor-element-69a6e27 elementor-widget-divider--view-line elementor-widget elementor-widget-divider\" data-id=\"69a6e27\" data-element_type=\"widget\" data-widget_type=\"divider.default\">\n\t\t\t\t\t\t\t<div class=\"elementor-divider\">\n\t\t\t<span class=\"elementor-divider-separator\">\n\t\t\t\t\t\t<\/span>\n\t\t<\/div>\n\t\t\t\t\t\t<\/div>\n\t\t\t\t<div class=\"elementor-element elementor-element-a17e8fb elementor-widget elementor-widget-heading\" data-id=\"a17e8fb\" data-element_type=\"widget\" data-widget_type=\"heading.default\">\n\t\t\t\t\t<h1 class=\"elementor-heading-title elementor-size-default\">Nos services<\/h1>\t\t\t\t<\/div>\n\t\t\t\t<div class=\"elementor-element elementor-element-53780b3 elementor-widget elementor-widget-text-editor\" data-id=\"53780b3\" data-element_type=\"widget\" data-widget_type=\"text-editor.default\">\n\t\t\t\t\t\t\t\t\t<p>De la recherche politique \u00e0 la transformation num\u00e9rique, nous optimisons la strat\u00e9gie, les op\u00e9rations et la performance organisationnelle.<\/p>\t\t\t\t\t\t\t\t<\/div>\n\t\t\t\t<\/div>\n\t\t\t\t<\/div>\n\t\t<div class=\"elementor-element elementor-element-c6c9d5e e-con-full e-flex e-con e-parent\" data-id=\"c6c9d5e\" data-element_type=\"container\">\n\t\t<div class=\"elementor-element elementor-element-a01a1e3 e-con-full e-flex e-con e-child\" data-id=\"a01a1e3\" data-element_type=\"container\">\n\t\t<div class=\"elementor-element elementor-element-48cb525 e-con-full e-flex e-con e-child\" data-id=\"48cb525\" data-element_type=\"container\">\n\t\t<div class=\"elementor-element elementor-element-81d194d e-con-full e-flex e-con e-child\" data-id=\"81d194d\" data-element_type=\"container\">\n\t\t\t\t<div class=\"elementor-element elementor-element-f3479e7 elementor-widget elementor-widget-image\" data-id=\"f3479e7\" data-element_type=\"widget\" data-widget_type=\"image.default\">\n\t\t\t\t\t\t\t\t\t\t\t\t\t\t\t<img fetchpriority=\"high\" decoding=\"async\" width=\"1024\" height=\"718\" src=\"https:\/\/swallowpc.com\/wp-content\/uploads\/2026\/01\/8.jpg\" class=\"attachment-full size-full wp-image-1461\" alt=\"8\" srcset=\"https:\/\/swallowpc.com\/wp-content\/uploads\/2026\/01\/8.jpg 1024w, https:\/\/swallowpc.com\/wp-content\/uploads\/2026\/01\/8-300x210.jpg 300w, https:\/\/swallowpc.com\/wp-content\/uploads\/2026\/01\/8-768x539.jpg 768w, https:\/\/swallowpc.com\/wp-content\/uploads\/2026\/01\/8-600x421.jpg 600w\" sizes=\"(max-width: 1024px) 100vw, 1024px\" title=\"Service\">\t\t\t\t\t\t\t\t\t\t\t\t\t\t\t<\/div>\n\t\t\t\t<div class=\"elementor-element elementor-element-1b7224d elementor-widget elementor-widget-heading\" data-id=\"1b7224d\" data-element_type=\"widget\" data-widget_type=\"heading.default\">\n\t\t\t\t\t<h6 class=\"elementor-heading-title elementor-size-default\">01<\/h6>\t\t\t\t<\/div>\n\t\t\t\t<div class=\"elementor-element elementor-element-3b17cfa elementor-widget elementor-widget-heading\" data-id=\"3b17cfa\" data-element_type=\"widget\" data-widget_type=\"heading.default\">\n\t\t\t\t\t<h3 class=\"elementor-heading-title elementor-size-default\">Recherche politique<\/h3>\t\t\t\t<\/div>\n\t\t\t\t<div class=\"elementor-element elementor-element-478f86c elementor-widget-divider--view-line elementor-widget elementor-widget-divider\" data-id=\"478f86c\" data-element_type=\"widget\" data-widget_type=\"divider.default\">\n\t\t\t\t\t\t\t<div class=\"elementor-divider\">\n\t\t\t<span class=\"elementor-divider-separator\">\n\t\t\t\t\t\t<\/span>\n\t\t<\/div>\n\t\t\t\t\t\t<\/div>\n\t\t\t\t<\/div>\n\t\t<div class=\"elementor-element elementor-element-4ee7b66 e-con-full e-flex e-con e-child\" data-id=\"4ee7b66\" data-element_type=\"container\">\n\t\t\t\t<div class=\"elementor-element elementor-element-931a3d3 elementor-widget elementor-widget-icon-box\" data-id=\"931a3d3\" data-element_type=\"widget\" data-widget_type=\"icon-box.default\">\n\t\t\t\t\t\t\t<div class=\"elementor-icon-box-wrapper\">\n\n\t\t\t\n\t\t\t\t\t\t<div class=\"elementor-icon-box-content\">\n\n\t\t\t\t\t\t\t\t\t<h5 class=\"elementor-icon-box-title\">\n\t\t\t\t\t\t<a href=\"#\" >\n\t\t\t\t\t\t\tProspective strat\u00e9gique et clart\u00e9 r\u00e9glementaire\t\t\t\t\t\t<\/a>\n\t\t\t\t\t<\/h5>\n\t\t\t\t\n\t\t\t\t\t\t\t\t\t<p class=\"elementor-icon-box-description\">\n\t\t\t\t\t\tD\u00e9coder les environnements r\u00e9glementaires complexes et les tendances g\u00e9opolitiques pour d\u00e9couvrir des informations exploitables. Cette recherche fournit une vision strat\u00e9gique des changements de politique, en anticipant les \u00e9volutions du march\u00e9 et en tirant parti des incitations gouvernementales. L'ambigu\u00eft\u00e9 des politiques est transform\u00e9e en clart\u00e9, ce qui permet aux entreprises de prosp\u00e9rer dans un environnement r\u00e9glementaire dynamique.\n\t\t\t\t\t<\/p>\n\t\t\t\t\n\t\t\t<\/div>\n\t\t\t\n\t\t<\/div>\n\t\t\t\t\t\t<\/div>\n\t\t\t\t<\/div>\n\t\t\t\t<\/div>\n\t\t\t\t<\/div>\n\t\t<div class=\"elementor-element elementor-element-ba32c8c e-con-full e-flex e-con e-child\" data-id=\"ba32c8c\" data-element_type=\"container\">\n\t\t<div class=\"elementor-element elementor-element-0b37cc4 e-con-full e-flex e-con e-child\" data-id=\"0b37cc4\" data-element_type=\"container\">\n\t\t<div class=\"elementor-element elementor-element-28dd673 e-con-full e-flex e-con e-child\" data-id=\"28dd673\" data-element_type=\"container\">\n\t\t\t\t<div class=\"elementor-element elementor-element-16c0626 elementor-widget-divider--view-line elementor-widget elementor-widget-divider\" data-id=\"16c0626\" data-element_type=\"widget\" data-widget_type=\"divider.default\">\n\t\t\t\t\t\t\t<div class=\"elementor-divider\">\n\t\t\t<span class=\"elementor-divider-separator\">\n\t\t\t\t\t\t<\/span>\n\t\t<\/div>\n\t\t\t\t\t\t<\/div>\n\t\t\t\t<div class=\"elementor-element elementor-element-87abe17 elementor-widget elementor-widget-heading\" data-id=\"87abe17\" data-element_type=\"widget\" data-widget_type=\"heading.default\">\n\t\t\t\t\t<h6 class=\"elementor-heading-title elementor-size-default\">02<\/h6>\t\t\t\t<\/div>\n\t\t\t\t<div class=\"elementor-element elementor-element-07abf72 elementor-widget elementor-widget-heading\" data-id=\"07abf72\" data-element_type=\"widget\" data-widget_type=\"heading.default\">\n\t\t\t\t\t<h3 class=\"elementor-heading-title elementor-size-default\">Planification strat\u00e9gique<\/h3>\t\t\t\t<\/div>\n\t\t\t\t<div class=\"elementor-element elementor-element-f844f8f elementor-widget elementor-widget-image\" data-id=\"f844f8f\" data-element_type=\"widget\" data-widget_type=\"image.default\">\n\t\t\t\t\t\t\t\t\t\t\t\t\t\t\t<img decoding=\"async\" width=\"1024\" height=\"718\" src=\"https:\/\/swallowpc.com\/wp-content\/uploads\/2026\/01\/6.jpg\" class=\"attachment-full size-full wp-image-1462\" alt=\"6\" srcset=\"https:\/\/swallowpc.com\/wp-content\/uploads\/2026\/01\/6.jpg 1024w, https:\/\/swallowpc.com\/wp-content\/uploads\/2026\/01\/6-300x210.jpg 300w, https:\/\/swallowpc.com\/wp-content\/uploads\/2026\/01\/6-768x539.jpg 768w, https:\/\/swallowpc.com\/wp-content\/uploads\/2026\/01\/6-600x421.jpg 600w\" sizes=\"(max-width: 1024px) 100vw, 1024px\" title=\"Service\">\t\t\t\t\t\t\t\t\t\t\t\t\t\t\t<\/div>\n\t\t\t\t<\/div>\n\t\t<div class=\"elementor-element elementor-element-e93cf82 e-con-full e-flex e-con e-child\" data-id=\"e93cf82\" data-element_type=\"container\">\n\t\t\t\t<div class=\"elementor-element elementor-element-99ea271 elementor-widget elementor-widget-icon-box\" data-id=\"99ea271\" data-element_type=\"widget\" data-widget_type=\"icon-box.default\">\n\t\t\t\t\t\t\t<div class=\"elementor-icon-box-wrapper\">\n\n\t\t\t\n\t\t\t\t\t\t<div class=\"elementor-icon-box-content\">\n\n\t\t\t\t\t\t\t\t\t<h5 class=\"elementor-icon-box-title\">\n\t\t\t\t\t\t<a href=\"#\" >\n\t\t\t\t\t\t\tCroissance r\u00e9siliente et avantage concurrentiel\t\t\t\t\t\t<\/a>\n\t\t\t\t\t<\/h5>\n\t\t\t\t\n\t\t\t\t\t\t\t\t\t<p class=\"elementor-icon-box-description\">\n\t\t\t\t\t\t\u00c9laborer des strat\u00e9gies r\u00e9silientes et \u00e0 long terme qui s'alignent \u00e0 la fois sur la dynamique du march\u00e9 et sur les cadres politiques. Cette approche int\u00e8gre une vision globale et une ex\u00e9cution locale, d\u00e9finissant des voies claires pour la croissance et l'avantage concurrentiel. Les feuilles de route strat\u00e9giques transforment la vision en succ\u00e8s mesurable en naviguant dans l'incertitude du march\u00e9.\t\t\t\t\t<\/p>\n\t\t\t\t\n\t\t\t<\/div>\n\t\t\t\n\t\t<\/div>\n\t\t\t\t\t\t<\/div>\n\t\t\t\t<\/div>\n\t\t\t\t<\/div>\n\t\t\t\t<\/div>\n\t\t\t\t<\/div>\n\t\t<div class=\"elementor-element elementor-element-5e5cdda e-con-full e-flex e-con e-parent\" data-id=\"5e5cdda\" data-element_type=\"container\">\n\t\t<div class=\"elementor-element elementor-element-43804b3 e-con-full e-flex e-con e-child\" data-id=\"43804b3\" data-element_type=\"container\">\n\t\t<div class=\"elementor-element elementor-element-9b5d410 e-con-full e-flex e-con e-child\" data-id=\"9b5d410\" data-element_type=\"container\">\n\t\t<div class=\"elementor-element elementor-element-bf3048c e-con-full e-flex e-con e-child\" data-id=\"bf3048c\" data-element_type=\"container\">\n\t\t\t\t<div class=\"elementor-element elementor-element-d3e3315 elementor-widget elementor-widget-image\" data-id=\"d3e3315\" data-element_type=\"widget\" data-widget_type=\"image.default\">\n\t\t\t\t\t\t\t\t\t\t\t\t\t\t\t<img decoding=\"async\" width=\"1024\" height=\"718\" src=\"https:\/\/swallowpc.com\/wp-content\/uploads\/2026\/01\/\u4e3b\u98755\u521d\u7a3f.jpg\" class=\"attachment-full size-full wp-image-1460\" alt=\"\u4e3b\u98755\u521d\u7a3f\" srcset=\"https:\/\/swallowpc.com\/wp-content\/uploads\/2026\/01\/\u4e3b\u98755\u521d\u7a3f.jpg 1024w, https:\/\/swallowpc.com\/wp-content\/uploads\/2026\/01\/\u4e3b\u98755\u521d\u7a3f-300x210.jpg 300w, https:\/\/swallowpc.com\/wp-content\/uploads\/2026\/01\/\u4e3b\u98755\u521d\u7a3f-768x539.jpg 768w, https:\/\/swallowpc.com\/wp-content\/uploads\/2026\/01\/\u4e3b\u98755\u521d\u7a3f-600x421.jpg 600w\" sizes=\"(max-width: 1024px) 100vw, 1024px\" title=\"Service\">\t\t\t\t\t\t\t\t\t\t\t\t\t\t\t<\/div>\n\t\t\t\t<div class=\"elementor-element elementor-element-373575c elementor-widget elementor-widget-heading\" data-id=\"373575c\" data-element_type=\"widget\" data-widget_type=\"heading.default\">\n\t\t\t\t\t<h6 class=\"elementor-heading-title elementor-size-default\">03<\/h6>\t\t\t\t<\/div>\n\t\t\t\t<div class=\"elementor-element elementor-element-60cf630 elementor-widget elementor-widget-heading\" data-id=\"60cf630\" data-element_type=\"widget\" data-widget_type=\"heading.default\">\n\t\t\t\t\t<h3 class=\"elementor-heading-title elementor-size-default\">Transformation organisationnelle<\/h3>\t\t\t\t<\/div>\n\t\t\t\t<div class=\"elementor-element elementor-element-a40835e elementor-widget-divider--view-line elementor-widget elementor-widget-divider\" data-id=\"a40835e\" data-element_type=\"widget\" data-widget_type=\"divider.default\">\n\t\t\t\t\t\t\t<div class=\"elementor-divider\">\n\t\t\t<span class=\"elementor-divider-separator\">\n\t\t\t\t\t\t<\/span>\n\t\t<\/div>\n\t\t\t\t\t\t<\/div>\n\t\t\t\t<\/div>\n\t\t<div class=\"elementor-element elementor-element-fada067 e-con-full e-flex e-con e-child\" data-id=\"fada067\" data-element_type=\"container\">\n\t\t\t\t<div class=\"elementor-element elementor-element-defa150 elementor-widget elementor-widget-icon-box\" data-id=\"defa150\" data-element_type=\"widget\" data-widget_type=\"icon-box.default\">\n\t\t\t\t\t\t\t<div class=\"elementor-icon-box-wrapper\">\n\n\t\t\t\n\t\t\t\t\t\t<div class=\"elementor-icon-box-content\">\n\n\t\t\t\t\t\t\t\t\t<h5 class=\"elementor-icon-box-title\">\n\t\t\t\t\t\t<a href=\"#\" >\n\t\t\t\t\t\t\tAgilit\u00e9, alignement et adaptabilit\u00e9\t\t\t\t\t\t<\/a>\n\t\t\t\t\t<\/h5>\n\t\t\t\t\n\t\t\t\t\t\t\t\t\t<p class=\"elementor-icon-box-description\">\n\t\t\t\t\t\tCon\u00e7oit des structures organisationnelles et des mod\u00e8les de gouvernance agiles qui permettent d'atteindre des performances optimales. Les talents, la culture et les processus sont align\u00e9s pour une ex\u00e9cution parfaite de la strat\u00e9gie. Une culture de l'innovation et de la responsabilit\u00e9 favorise l'\u00e9mergence d'organisations capables de s'adapter et de prosp\u00e9rer sur des march\u00e9s mondiaux en constante \u00e9volution.\t\t\t\t\t<\/p>\n\t\t\t\t\n\t\t\t<\/div>\n\t\t\t\n\t\t<\/div>\n\t\t\t\t\t\t<\/div>\n\t\t\t\t<\/div>\n\t\t\t\t<\/div>\n\t\t\t\t<\/div>\n\t\t<div class=\"elementor-element elementor-element-29e5ee1 e-con-full e-flex e-con e-child\" data-id=\"29e5ee1\" data-element_type=\"container\">\n\t\t<div class=\"elementor-element elementor-element-d3fdfc4 e-con-full e-flex e-con e-child\" data-id=\"d3fdfc4\" data-element_type=\"container\">\n\t\t<div class=\"elementor-element elementor-element-10c699d e-con-full e-flex e-con e-child\" data-id=\"10c699d\" data-element_type=\"container\">\n\t\t\t\t<div class=\"elementor-element elementor-element-d19d9c2 elementor-widget-divider--view-line elementor-widget elementor-widget-divider\" data-id=\"d19d9c2\" data-element_type=\"widget\" data-widget_type=\"divider.default\">\n\t\t\t\t\t\t\t<div class=\"elementor-divider\">\n\t\t\t<span class=\"elementor-divider-separator\">\n\t\t\t\t\t\t<\/span>\n\t\t<\/div>\n\t\t\t\t\t\t<\/div>\n\t\t\t\t<div class=\"elementor-element elementor-element-dce2223 elementor-widget elementor-widget-heading\" data-id=\"dce2223\" data-element_type=\"widget\" data-widget_type=\"heading.default\">\n\t\t\t\t\t<h6 class=\"elementor-heading-title elementor-size-default\">04<\/h6>\t\t\t\t<\/div>\n\t\t\t\t<div class=\"elementor-element elementor-element-07a2861 elementor-widget elementor-widget-heading\" data-id=\"07a2861\" data-element_type=\"widget\" data-widget_type=\"heading.default\">\n\t\t\t\t\t<h3 class=\"elementor-heading-title elementor-size-default\">Excellence op\u00e9rationnelle<\/h3>\t\t\t\t<\/div>\n\t\t\t\t<div class=\"elementor-element elementor-element-7db0c34 elementor-widget elementor-widget-image\" data-id=\"7db0c34\" data-element_type=\"widget\" data-widget_type=\"image.default\">\n\t\t\t\t\t\t\t\t\t\t\t\t\t\t\t<img loading=\"lazy\" decoding=\"async\" width=\"1024\" height=\"718\" src=\"https:\/\/swallowpc.com\/wp-content\/uploads\/2026\/01\/9.jpg\" class=\"attachment-full size-full wp-image-1464\" alt=\"9\" srcset=\"https:\/\/swallowpc.com\/wp-content\/uploads\/2026\/01\/9.jpg 1024w, https:\/\/swallowpc.com\/wp-content\/uploads\/2026\/01\/9-300x210.jpg 300w, https:\/\/swallowpc.com\/wp-content\/uploads\/2026\/01\/9-768x539.jpg 768w, https:\/\/swallowpc.com\/wp-content\/uploads\/2026\/01\/9-600x421.jpg 600w\" sizes=\"(max-width: 1024px) 100vw, 1024px\" title=\"Service\">\t\t\t\t\t\t\t\t\t\t\t\t\t\t\t<\/div>\n\t\t\t\t<\/div>\n\t\t<div class=\"elementor-element elementor-element-886447e e-con-full e-flex e-con e-child\" data-id=\"886447e\" data-element_type=\"container\">\n\t\t\t\t<div class=\"elementor-element elementor-element-22471ba elementor-widget elementor-widget-icon-box\" data-id=\"22471ba\" data-element_type=\"widget\" data-widget_type=\"icon-box.default\">\n\t\t\t\t\t\t\t<div class=\"elementor-icon-box-wrapper\">\n\n\t\t\t\n\t\t\t\t\t\t<div class=\"elementor-icon-box-content\">\n\n\t\t\t\t\t\t\t\t\t<h5 class=\"elementor-icon-box-title\">\n\t\t\t\t\t\t<a href=\"#\" >\n\t\t\t\t\t\t\tEfficacit\u00e9, valeur et durabilit\u00e9\t\t\t\t\t\t<\/a>\n\t\t\t\t\t<\/h5>\n\t\t\t\t\n\t\t\t\t\t\t\t\t\t<p class=\"elementor-icon-box-description\">\n\t\t\t\t\t\tOptimise les processus op\u00e9rationnels de base pour maximiser l'efficacit\u00e9 et r\u00e9duire les co\u00fbts sans sacrifier la qualit\u00e9. L'analyse comparative des performances et la rationalisation des flux de travail permettent d'identifier la valeur inexploit\u00e9e tout au long de la cha\u00eene de valeur. La rigueur op\u00e9rationnelle favorise une rentabilit\u00e9 et une \u00e9volutivit\u00e9 durables.\t\t\t\t\t<\/p>\n\t\t\t\t\n\t\t\t<\/div>\n\t\t\t\n\t\t<\/div>\n\t\t\t\t\t\t<\/div>\n\t\t\t\t<\/div>\n\t\t\t\t<\/div>\n\t\t\t\t<\/div>\n\t\t\t\t<\/div>\n\t\t<div class=\"elementor-element elementor-element-2ad02ae e-con-full e-flex e-con e-parent\" data-id=\"2ad02ae\" data-element_type=\"container\">\n\t\t<div class=\"elementor-element elementor-element-4e96593 e-con-full e-flex e-con e-child\" data-id=\"4e96593\" data-element_type=\"container\">\n\t\t<div class=\"elementor-element elementor-element-264c368 e-con-full e-flex e-con e-child\" data-id=\"264c368\" data-element_type=\"container\">\n\t\t<div class=\"elementor-element elementor-element-4a35584 e-con-full e-flex e-con e-child\" data-id=\"4a35584\" data-element_type=\"container\">\n\t\t\t\t<div class=\"elementor-element elementor-element-192b7ce elementor-widget elementor-widget-image\" data-id=\"192b7ce\" data-element_type=\"widget\" data-widget_type=\"image.default\">\n\t\t\t\t\t\t\t\t\t\t\t\t\t\t\t<img loading=\"lazy\" decoding=\"async\" width=\"1024\" height=\"718\" src=\"https:\/\/swallowpc.com\/wp-content\/uploads\/2026\/01\/7.jpg\" class=\"attachment-full size-full wp-image-1463\" alt=\"7\" srcset=\"https:\/\/swallowpc.com\/wp-content\/uploads\/2026\/01\/7.jpg 1024w, https:\/\/swallowpc.com\/wp-content\/uploads\/2026\/01\/7-300x210.jpg 300w, https:\/\/swallowpc.com\/wp-content\/uploads\/2026\/01\/7-768x539.jpg 768w, https:\/\/swallowpc.com\/wp-content\/uploads\/2026\/01\/7-600x421.jpg 600w\" sizes=\"(max-width: 1024px) 100vw, 1024px\" title=\"Service\">\t\t\t\t\t\t\t\t\t\t\t\t\t\t\t<\/div>\n\t\t\t\t<div class=\"elementor-element elementor-element-005d0ca elementor-widget elementor-widget-heading\" data-id=\"005d0ca\" data-element_type=\"widget\" data-widget_type=\"heading.default\">\n\t\t\t\t\t<h6 class=\"elementor-heading-title elementor-size-default\">05<\/h6>\t\t\t\t<\/div>\n\t\t\t\t<div class=\"elementor-element elementor-element-8b0a052 elementor-widget__width-initial elementor-widget elementor-widget-heading\" data-id=\"8b0a052\" data-element_type=\"widget\" data-widget_type=\"heading.default\">\n\t\t\t\t\t<h3 class=\"elementor-heading-title elementor-size-default\">Transformation num\u00e9rique<\/h3>\t\t\t\t<\/div>\n\t\t\t\t<div class=\"elementor-element elementor-element-967ab63 elementor-widget-divider--view-line elementor-widget elementor-widget-divider\" data-id=\"967ab63\" data-element_type=\"widget\" data-widget_type=\"divider.default\">\n\t\t\t\t\t\t\t<div class=\"elementor-divider\">\n\t\t\t<span class=\"elementor-divider-separator\">\n\t\t\t\t\t\t<\/span>\n\t\t<\/div>\n\t\t\t\t\t\t<\/div>\n\t\t\t\t<\/div>\n\t\t<div class=\"elementor-element elementor-element-2250c87 e-con-full e-flex e-con e-child\" data-id=\"2250c87\" data-element_type=\"container\">\n\t\t\t\t<div class=\"elementor-element elementor-element-ca91a4f elementor-widget elementor-widget-icon-box\" data-id=\"ca91a4f\" data-element_type=\"widget\" data-widget_type=\"icon-box.default\">\n\t\t\t\t\t\t\t<div class=\"elementor-icon-box-wrapper\">\n\n\t\t\t\n\t\t\t\t\t\t<div class=\"elementor-icon-box-content\">\n\n\t\t\t\t\t\t\t\t\t<h5 class=\"elementor-icon-box-title\">\n\t\t\t\t\t\t<a href=\"#\" >\n\t\t\t\t\t\t\tInnovation, r\u00e9silience et p\u00e9rennit\u00e9\t\t\t\t\t\t<\/a>\n\t\t\t\t\t<\/h5>\n\t\t\t\t\n\t\t\t\t\t\t\t\t\t<p class=\"elementor-icon-box-description\">\n\t\t\t\t\t\tGuide l'exploitation des technologies de pointe pour pr\u00e9parer les entreprises \u00e0 l'avenir. L'innovation num\u00e9rique est int\u00e9gr\u00e9e aux objectifs strat\u00e9giques, am\u00e9liorant l'exp\u00e9rience client et la r\u00e9silience op\u00e9rationnelle. De l'analyse des donn\u00e9es \u00e0 la mise en \u0153uvre de l'IA, le paysage num\u00e9rique est parcouru pour cr\u00e9er de nouvelles sources de revenus et une diff\u00e9renciation concurrentielle.\t\t\t\t\t<\/p>\n\t\t\t\t\n\t\t\t<\/div>\n\t\t\t\n\t\t<\/div>\n\t\t\t\t\t\t<\/div>\n\t\t\t\t<\/div>\n\t\t\t\t<\/div>\n\t\t\t\t<\/div>\n\t\t\t\t<\/div>\n\t\t<div class=\"elementor-element elementor-element-a42138d e-con-full e-flex e-con e-parent\" data-id=\"a42138d\" data-element_type=\"container\" data-settings=\"{&quot;background_background&quot;:&quot;gradient&quot;}\">\n\t\t<div class=\"elementor-element elementor-element-f302f5c e-con-full e-flex e-con e-child\" data-id=\"f302f5c\" data-element_type=\"container\">\n\t\t\t\t<div class=\"elementor-element elementor-element-ac9d95f elementor-widget-divider--view-line elementor-widget elementor-widget-divider\" data-id=\"ac9d95f\" data-element_type=\"widget\" data-widget_type=\"divider.default\">\n\t\t\t\t\t\t\t<div class=\"elementor-divider\">\n\t\t\t<span class=\"elementor-divider-separator\">\n\t\t\t\t\t\t<\/span>\n\t\t<\/div>\n\t\t\t\t\t\t<\/div>\n\t\t\t\t<div class=\"elementor-element elementor-element-f091475 elementor-widget elementor-widget-icon-box\" data-id=\"f091475\" data-element_type=\"widget\" data-widget_type=\"icon-box.default\">\n\t\t\t\t\t\t\t<div class=\"elementor-icon-box-wrapper\">\n\n\t\t\t\n\t\t\t\t\t\t<div class=\"elementor-icon-box-content\">\n\n\t\t\t\t\t\t\t\t\t<h2 class=\"elementor-icon-box-title\">\n\t\t\t\t\t\t<span  >\n\t\t\t\t\t\t\tContactez-nous rapidement et fa\u00e7onnez l'avenir de votre entreprise !\t\t\t\t\t\t<\/span>\n\t\t\t\t\t<\/h2>\n\t\t\t\t\n\t\t\t\t\n\t\t\t<\/div>\n\t\t\t\n\t\t<\/div>\n\t\t\t\t\t\t<\/div>\n\t\t\t\t<div class=\"elementor-element elementor-element-e5704b7 elementor-mobile-align-center elementor-widget elementor-widget-button\" data-id=\"e5704b7\" data-element_type=\"widget\" data-widget_type=\"button.default\">\n\t\t\t\t\t\t\t\t\t\t<a class=\"elementor-button elementor-button-link elementor-size-sm\" href=\"#\">\n\t\t\t\t\t\t<span class=\"elementor-button-content-wrapper\">\n\t\t\t\t\t\t\t\t\t<span class=\"elementor-button-text\">Contactez nous<\/span>\n\t\t\t\t\t<\/span>\n\t\t\t\t\t<\/a>\n\t\t\t\t\t\t\t\t<\/div>\n\t\t\t\t<\/div>\n\t\t\t\t<\/div>\n\t\t\t\t<\/div>","protected":false},"excerpt":{"rendered":"<p>Our Services From policy research to digital transformation, we optimize strategy, operations, and organizational performance. 01 Policy Research Strategic Foresight &amp; Regulatory Clarity Decodes complex regulatory environments and geopolitical trends to uncover actionable insights. This research provides strategic foresight on policy shifts, anticipating market changes and leveraging government incentives. Policy ambiguity is transformed into clarity, [&hellip;]<\/p>","protected":false},"author":1,"featured_media":0,"parent":0,"menu_order":0,"comment_status":"closed","ping_status":"closed","template":"","meta":{"site-sidebar-layout":"no-sidebar","site-content-layout":"page-builder","ast-site-content-layout":"default","site-content-style":"default","site-sidebar-style":"default","ast-global-header-display":"","ast-banner-title-visibility":"","ast-main-header-display":"","ast-hfb-above-header-display":"","ast-hfb-below-header-display":"","ast-hfb-mobile-header-display":"","site-post-title":"disabled","ast-breadcrumbs-content":"","ast-featured-img":"disabled","footer-sml-layout":"","ast-disable-related-posts":"","theme-transparent-header-meta":"enabled","adv-header-id-meta":"","stick-header-meta":"","header-above-stick-meta":"","header-main-stick-meta":"","header-below-stick-meta":"","astra-migrate-meta-layouts":"default","ast-page-background-enabled":"default","ast-page-background-meta":{"desktop":{"background-color":"var(--ast-global-color-4)","background-image":"","background-repeat":"repeat","background-position":"center center","background-size":"auto","background-attachment":"scroll","background-type":"","background-media":"","overlay-type":"","overlay-color":"","overlay-opacity":"","overlay-gradient":""},"tablet":{"background-color":"","background-image":"","background-repeat":"repeat","background-position":"center center","background-size":"auto","background-attachment":"scroll","background-type":"","background-media":"","overlay-type":"","overlay-color":"","overlay-opacity":"","overlay-gradient":""},"mobile":{"background-color":"","background-image":"","background-repeat":"repeat","background-position":"center center","background-size":"auto","background-attachment":"scroll","background-type":"","background-media":"","overlay-type":"","overlay-color":"","overlay-opacity":"","overlay-gradient":""}},"ast-content-background-meta":{"desktop":{"background-color":"var(--ast-global-color-5)","background-image":"","background-repeat":"repeat","background-position":"center center","background-size":"auto","background-attachment":"scroll","background-type":"","background-media":"","overlay-type":"","overlay-color":"","overlay-opacity":"","overlay-gradient":""},"tablet":{"background-color":"var(--ast-global-color-5)","background-image":"","background-repeat":"repeat","background-position":"center center","background-size":"auto","background-attachment":"scroll","background-type":"","background-media":"","overlay-type":"","overlay-color":"","overlay-opacity":"","overlay-gradient":""},"mobile":{"background-color":"var(--ast-global-color-5)","background-image":"","background-repeat":"repeat","background-position":"center center","background-size":"auto","background-attachment":"scroll","background-type":"","background-media":"","overlay-type":"","overlay-color":"","overlay-opacity":"","overlay-gradient":""}},"footnotes":""},"class_list":["post-492","page","type-page","status-publish","hentry"],"_links":{"self":[{"href":"https:\/\/swallowpc.com\/fr\/wp-json\/wp\/v2\/pages\/492","targetHints":{"allow":["GET"]}}],"collection":[{"href":"https:\/\/swallowpc.com\/fr\/wp-json\/wp\/v2\/pages"}],"about":[{"href":"https:\/\/swallowpc.com\/fr\/wp-json\/wp\/v2\/types\/page"}],"author":[{"embeddable":true,"href":"https:\/\/swallowpc.com\/fr\/wp-json\/wp\/v2\/users\/1"}],"replies":[{"embeddable":true,"href":"https:\/\/swallowpc.com\/fr\/wp-json\/wp\/v2\/comments?post=492"}],"version-history":[{"count":15,"href":"https:\/\/swallowpc.com\/fr\/wp-json\/wp\/v2\/pages\/492\/revisions"}],"predecessor-version":[{"id":1494,"href":"https:\/\/swallowpc.com\/fr\/wp-json\/wp\/v2\/pages\/492\/revisions\/1494"}],"wp:attachment":[{"href":"https:\/\/swallowpc.com\/fr\/wp-json\/wp\/v2\/media?parent=492"}],"curies":[{"name":"wp","href":"https:\/\/api.w.org\/{rel}","templated":true}]}}