{"id":1087,"date":"2026-01-08T22:16:15","date_gmt":"2026-01-08T14:16:15","guid":{"rendered":"https:\/\/swallowpc.com\/?page_id=1087"},"modified":"2026-01-10T23:42:19","modified_gmt":"2026-01-10T15:42:19","slug":"about-us","status":"publish","type":"page","link":"https:\/\/swallowpc.com\/fr\/about-us\/","title":{"rendered":"\u00c0 propos de nous"},"content":{"rendered":"<div data-elementor-type=\"wp-page\" data-elementor-id=\"1087\" class=\"elementor elementor-1087\" data-elementor-post-type=\"page\">\n\t\t\t\t<div class=\"elementor-element elementor-element-8e230a3 e-con-full e-flex e-con e-parent\" data-id=\"8e230a3\" data-element_type=\"container\" data-settings=\"{&quot;background_background&quot;:&quot;classic&quot;}\">\n\t\t<div class=\"elementor-element elementor-element-234083b e-con-full e-flex e-con e-child\" data-id=\"234083b\" data-element_type=\"container\" data-settings=\"{&quot;background_background&quot;:&quot;classic&quot;}\">\n\t\t\t\t<div class=\"elementor-element elementor-element-b1328e3 elementor-widget-divider--view-line elementor-widget elementor-widget-divider\" data-id=\"b1328e3\" data-element_type=\"widget\" data-widget_type=\"divider.default\">\n\t\t\t\t\t\t\t<div class=\"elementor-divider\">\n\t\t\t<span class=\"elementor-divider-separator\">\n\t\t\t\t\t\t<\/span>\n\t\t<\/div>\n\t\t\t\t\t\t<\/div>\n\t\t\t\t<div class=\"elementor-element elementor-element-d540968 elementor-widget elementor-widget-heading\" data-id=\"d540968\" data-element_type=\"widget\" data-widget_type=\"heading.default\">\n\t\t\t\t\t<h1 class=\"elementor-heading-title elementor-size-default\">\u00c0 propos de nous<\/h1>\t\t\t\t<\/div>\n\t\t\t\t<div class=\"elementor-element elementor-element-8c2c55d elementor-widget__width-initial elementor-widget elementor-widget-text-editor\" data-id=\"8c2c55d\" data-element_type=\"widget\" data-widget_type=\"text-editor.default\">\n\t\t\t\t\t\t\t\t\t<div class=\"qk-md-paragraph\"><strong class=\"qk-md-strong complete\"><span class=\"qk-md-text complete\">Swallow Policy Consulting (SPC)<\/span><\/strong><span class=\"qk-md-text complete\" data-spm-anchor-id=\"5176.28103460.0.i5.46187551aFiiW6\">\u00a0a \u00e9t\u00e9 cr\u00e9\u00e9 en 2019, avec son si\u00e8ge \u00e0 Singapour et un r\u00e9seau de bureaux dans les principales villes d'Europe et d'Am\u00e9rique du Nord. En tant que premier cabinet de conseil en management mondial, nous nous associons \u00e0 nos clients pour r\u00e9soudre des d\u00e9fis commerciaux complexes. Notre gamme compl\u00e8te de services comprend\u00a0<\/span><strong class=\"qk-md-strong complete\"><span class=\"qk-md-text complete\">Recherche politique<\/span><\/strong><span class=\"qk-md-text complete\">, La planification strat\u00e9gique, la transformation organisationnelle, l'excellence op\u00e9rationnelle et la transformation num\u00e9rique.<\/span><\/div><div class=\"qk-md-paragraph\" data-spm-anchor-id=\"5176.28103460.0.i4.46187551aFiiW6\">\u00a0<\/div>\t\t\t\t\t\t\t\t<\/div>\n\t\t\t\t<\/div>\n\t\t\t\t<\/div>\n\t\t<div class=\"elementor-element elementor-element-be1e17b e-con-full e-flex e-con e-parent\" data-id=\"be1e17b\" data-element_type=\"container\">\n\t\t<div class=\"elementor-element elementor-element-f2b3a8d e-con-full e-flex e-con e-child\" data-id=\"f2b3a8d\" data-element_type=\"container\">\n\t\t\t\t<div class=\"elementor-element elementor-element-6adc7a4 elementor-widget-divider--view-line elementor-widget elementor-widget-divider\" data-id=\"6adc7a4\" data-element_type=\"widget\" data-widget_type=\"divider.default\">\n\t\t\t\t\t\t\t<div class=\"elementor-divider\">\n\t\t\t<span class=\"elementor-divider-separator\">\n\t\t\t\t\t\t<\/span>\n\t\t<\/div>\n\t\t\t\t\t\t<\/div>\n\t\t<div class=\"elementor-element elementor-element-6c43e1e e-con-full e-flex e-con e-child\" data-id=\"6c43e1e\" data-element_type=\"container\">\n\t\t<div class=\"elementor-element elementor-element-62a1c4c e-con-full e-flex e-con e-child\" data-id=\"62a1c4c\" data-element_type=\"container\">\n\t\t\t\t<div class=\"elementor-element elementor-element-e0202bd elementor-widget elementor-widget-image\" data-id=\"e0202bd\" data-element_type=\"widget\" data-widget_type=\"image.default\">\n\t\t\t\t\t\t\t\t\t\t\t\t\t\t\t<img fetchpriority=\"high\" decoding=\"async\" width=\"1024\" height=\"687\" src=\"https:\/\/swallowpc.com\/wp-content\/uploads\/2026\/01\/23.jpg\" class=\"attachment-full size-full wp-image-1514\" alt=\"23\" srcset=\"https:\/\/swallowpc.com\/wp-content\/uploads\/2026\/01\/23.jpg 1024w, https:\/\/swallowpc.com\/wp-content\/uploads\/2026\/01\/23-300x201.jpg 300w, https:\/\/swallowpc.com\/wp-content\/uploads\/2026\/01\/23-768x515.jpg 768w, https:\/\/swallowpc.com\/wp-content\/uploads\/2026\/01\/23-600x403.jpg 600w\" sizes=\"(max-width: 1024px) 100vw, 1024px\" title=\"\u00c0 propos de nous\">\t\t\t\t\t\t\t\t\t\t\t\t\t\t\t<\/div>\n\t\t\t\t<\/div>\n\t\t<div class=\"elementor-element elementor-element-7b39e5f e-con-full e-flex e-con e-child\" data-id=\"7b39e5f\" data-element_type=\"container\">\n\t\t\t\t<div class=\"elementor-element elementor-element-8010523 elementor-widget elementor-widget-heading\" data-id=\"8010523\" data-element_type=\"widget\" data-widget_type=\"heading.default\">\n\t\t\t\t\t<h2 class=\"elementor-heading-title elementor-size-default\">Objectif principal<\/h2>\t\t\t\t<\/div>\n\t\t\t\t<div class=\"elementor-element elementor-element-73cb4ec elementor-widget elementor-widget-icon-box\" data-id=\"73cb4ec\" data-element_type=\"widget\" data-widget_type=\"icon-box.default\">\n\t\t\t\t\t\t\t<div class=\"elementor-icon-box-wrapper\">\n\n\t\t\t\n\t\t\t\t\t\t<div class=\"elementor-icon-box-content\">\n\n\t\t\t\t\t\t\t\t\t<h4 class=\"elementor-icon-box-title\">\n\t\t\t\t\t\t<span  >\n\t\t\t\t\t\t\tNous r\u00e9unissons des professionnels de renomm\u00e9e mondiale avec un \u00e9tat d'esprit global pour cr\u00e9er de la valeur durable et favoriser l'excellence des clients.\t\t\t\t\t\t<\/span>\n\t\t\t\t\t<\/h4>\n\t\t\t\t\n\t\t\t\t\t\t\t\t\t<p class=\"elementor-icon-box-description\">\n\t\t\t\t\t\tNous r\u00e9unissons les meilleurs talents en mati\u00e8re de conseil et appliquons les m\u00eames normes professionnelles rigoureuses que les principaux cabinets du secteur. En combinant une expertise approfondie avec une perspective globale, nous apportons une valeur durable et donnons \u00e0 nos clients les moyens d'atteindre des performances exceptionnelles sur un march\u00e9 en constante \u00e9volution.\t\t\t\t\t<\/p>\n\t\t\t\t\n\t\t\t<\/div>\n\t\t\t\n\t\t<\/div>\n\t\t\t\t\t\t<\/div>\n\t\t\t\t<\/div>\n\t\t\t\t<\/div>\n\t\t\t\t<div class=\"elementor-element elementor-element-1a00e39 elementor-widget-divider--view-line elementor-widget elementor-widget-divider\" data-id=\"1a00e39\" data-element_type=\"widget\" data-widget_type=\"divider.default\">\n\t\t\t\t\t\t\t<div class=\"elementor-divider\">\n\t\t\t<span class=\"elementor-divider-separator\">\n\t\t\t\t\t\t<\/span>\n\t\t<\/div>\n\t\t\t\t\t\t<\/div>\n\t\t\t\t<\/div>\n\t\t\t\t<\/div>\n\t\t<div class=\"elementor-element elementor-element-89311df e-con-full e-flex e-con e-parent\" data-id=\"89311df\" data-element_type=\"container\" data-settings=\"{&quot;background_background&quot;:&quot;classic&quot;}\">\n\t\t<div class=\"elementor-element elementor-element-fde9c10 e-con-full e-flex e-con e-child\" data-id=\"fde9c10\" data-element_type=\"container\" data-settings=\"{&quot;background_background&quot;:&quot;classic&quot;}\">\n\t\t\t\t<div class=\"elementor-element elementor-element-de00ff5 elementor-view-default elementor-position-block-start elementor-mobile-position-block-start elementor-widget elementor-widget-icon-box\" data-id=\"de00ff5\" data-element_type=\"widget\" data-widget_type=\"icon-box.default\">\n\t\t\t\t\t\t\t<div class=\"elementor-icon-box-wrapper\">\n\n\t\t\t\t\t\t<div class=\"elementor-icon-box-icon\">\n\t\t\t\t<span  class=\"elementor-icon\">\n\t\t\t\t<svg aria-hidden=\"true\" class=\"e-font-icon-svg e-fas-quote-left\" viewbox=\"0 0 512 512\" xmlns=\"http:\/\/www.w3.org\/2000\/svg\"><path d=\"M464 256h-80v-64c0-35.3 28.7-64 64-64h8c13.3 0 24-10.7 24-24V56c0-13.3-10.7-24-24-24h-8c-88.4 0-160 71.6-160 160v240c0 26.5 21.5 48 48 48h128c26.5 0 48-21.5 48-48V304c0-26.5-21.5-48-48-48zm-288 0H96v-64c0-35.3 28.7-64 64-64h8c13.3 0 24-10.7 24-24V56c0-13.3-10.7-24-24-24h-8C71.6 32 0 103.6 0 192v240c0 26.5 21.5 48 48 48h128c26.5 0 48-21.5 48-48V304c0-26.5-21.5-48-48-48z\"><\/path><\/svg>\t\t\t\t<\/span>\n\t\t\t<\/div>\n\t\t\t\n\t\t\t\t\t\t<div class=\"elementor-icon-box-content\">\n\n\t\t\t\t\t\t\t\t\t<h2 class=\"elementor-icon-box-title\">\n\t\t\t\t\t\t<span  >\n\t\t\t\t\t\t\tNous fournissons des solutions de conseil sur mesure, int\u00e9grant de mani\u00e8re transparente une vision strat\u00e9gique globale et des informations sur les politiques locales afin de r\u00e9pondre pr\u00e9cis\u00e9ment aux besoins uniques de chacun de nos clients.\t\t\t\t\t\t<\/span>\n\t\t\t\t\t<\/h2>\n\t\t\t\t\n\t\t\t\t\t\t\t\t\t<p class=\"elementor-icon-box-description\">\n\t\t\t\t\t\tStrat\u00e9gie globale | Intelligence politique | Solutions sur mesure | Excellence op\u00e9rationnelle | Vision transfrontali\u00e8re\t\t\t\t\t<\/p>\n\t\t\t\t\n\t\t\t<\/div>\n\t\t\t\n\t\t<\/div>\n\t\t\t\t\t\t<\/div>\n\t\t\t\t<\/div>\n\t\t\t\t<\/div>\n\t\t<div class=\"elementor-element elementor-element-bbf364a e-con-full e-flex e-con e-parent\" data-id=\"bbf364a\" data-element_type=\"container\">\n\t\t<div class=\"elementor-element elementor-element-2655394 e-con-full e-flex e-con e-child\" data-id=\"2655394\" data-element_type=\"container\">\n\t\t\t\t<div class=\"elementor-element elementor-element-dce7b88 elementor-widget-divider--view-line elementor-widget elementor-widget-divider\" data-id=\"dce7b88\" data-element_type=\"widget\" data-widget_type=\"divider.default\">\n\t\t\t\t\t\t\t<div class=\"elementor-divider\">\n\t\t\t<span class=\"elementor-divider-separator\">\n\t\t\t\t\t\t<\/span>\n\t\t<\/div>\n\t\t\t\t\t\t<\/div>\n\t\t\t\t<div class=\"elementor-element elementor-element-bfe98a8 elementor-widget elementor-widget-heading\" data-id=\"bfe98a8\" data-element_type=\"widget\" data-widget_type=\"heading.default\">\n\t\t\t\t\t<h6 class=\"elementor-heading-title elementor-size-default\">Notre \u00e9quipe<\/h6>\t\t\t\t<\/div>\n\t\t\t\t<div class=\"elementor-element elementor-element-c8fac75 elementor-widget elementor-widget-heading\" data-id=\"c8fac75\" data-element_type=\"widget\" data-widget_type=\"heading.default\">\n\t\t\t\t\t<h2 class=\"elementor-heading-title elementor-size-default\">\nNous sommes pr\u00e9sents dans le monde entier, dans les principaux centres d'affaires.<\/h2>\t\t\t\t<\/div>\n\t\t<div class=\"elementor-element elementor-element-866645e e-con-full e-flex e-con e-child\" data-id=\"866645e\" data-element_type=\"container\">\n\t\t<div class=\"elementor-element elementor-element-1d4faca e-con-full e-flex e-con e-child\" data-id=\"1d4faca\" data-element_type=\"container\" data-settings=\"{&quot;background_background&quot;:&quot;classic&quot;}\">\n\t\t\t\t<div class=\"elementor-element elementor-element-9f249e0 elementor-widget elementor-widget-heading\" data-id=\"9f249e0\" data-element_type=\"widget\" data-widget_type=\"heading.default\">\n\t\t\t\t\t<h3 class=\"elementor-heading-title elementor-size-default\">Asie<\/h3>\t\t\t\t<\/div>\n\t\t\t\t<div class=\"elementor-element elementor-element-d443fca elementor-widget elementor-widget-heading\" data-id=\"d443fca\" data-element_type=\"widget\" data-widget_type=\"heading.default\">\n\t\t\t\t\t<h6 class=\"elementor-heading-title elementor-size-default\">Singapour, Malaisie, Japon, etc.<\/h6>\t\t\t\t<\/div>\n\t\t\t\t<\/div>\n\t\t<div class=\"elementor-element elementor-element-a87bc5c e-con-full e-flex e-con e-child\" data-id=\"a87bc5c\" data-element_type=\"container\" data-settings=\"{&quot;background_background&quot;:&quot;classic&quot;}\">\n\t\t\t\t<div class=\"elementor-element elementor-element-fa67e50 elementor-widget elementor-widget-heading\" data-id=\"fa67e50\" data-element_type=\"widget\" data-widget_type=\"heading.default\">\n\t\t\t\t\t<h3 class=\"elementor-heading-title elementor-size-default\">L'Europe<\/h3>\t\t\t\t<\/div>\n\t\t\t\t<div class=\"elementor-element elementor-element-e6a76b6 elementor-widget elementor-widget-heading\" data-id=\"e6a76b6\" data-element_type=\"widget\" data-widget_type=\"heading.default\">\n\t\t\t\t\t<h6 class=\"elementor-heading-title elementor-size-default\">Le Royaume-Uni, la France, l'Italie, etc.<\/h6>\t\t\t\t<\/div>\n\t\t\t\t<\/div>\n\t\t<div class=\"elementor-element elementor-element-518ce29 e-con-full e-flex e-con e-child\" data-id=\"518ce29\" data-element_type=\"container\" data-settings=\"{&quot;background_background&quot;:&quot;classic&quot;}\">\n\t\t\t\t<div class=\"elementor-element elementor-element-f1dad28 elementor-widget elementor-widget-heading\" data-id=\"f1dad28\" data-element_type=\"widget\" data-widget_type=\"heading.default\">\n\t\t\t\t\t<h3 class=\"elementor-heading-title elementor-size-default\">Am\u00e9rique du Nord<\/h3>\t\t\t\t<\/div>\n\t\t\t\t<div class=\"elementor-element elementor-element-a387580 elementor-widget elementor-widget-heading\" data-id=\"a387580\" data-element_type=\"widget\" data-widget_type=\"heading.default\">\n\t\t\t\t\t<h6 class=\"elementor-heading-title elementor-size-default\">Les \u00c9tats-Unis, le Canada, etc.<\/h6>\t\t\t\t<\/div>\n\t\t\t\t<\/div>\n\t\t<div class=\"elementor-element elementor-element-e61f936 e-con-full e-flex e-con e-child\" data-id=\"e61f936\" data-element_type=\"container\" data-settings=\"{&quot;background_background&quot;:&quot;classic&quot;}\">\n\t\t\t\t<div class=\"elementor-element elementor-element-956835a elementor-widget elementor-widget-heading\" data-id=\"956835a\" data-element_type=\"widget\" data-widget_type=\"heading.default\">\n\t\t\t\t\t<h3 class=\"elementor-heading-title elementor-size-default\">Am\u00e9rique du Sud<\/h3>\t\t\t\t<\/div>\n\t\t\t\t<div class=\"elementor-element elementor-element-137e20c elementor-widget elementor-widget-heading\" data-id=\"137e20c\" data-element_type=\"widget\" data-widget_type=\"heading.default\">\n\t\t\t\t\t<h6 class=\"elementor-heading-title elementor-size-default\"> Br\u00e9sil, Argentine, Chili, etc.<\/h6>\t\t\t\t<\/div>\n\t\t\t\t<\/div>\n\t\t\t\t<\/div>\n\t\t\t\t<\/div>\n\t\t\t\t<\/div>\n\t\t<div class=\"elementor-element elementor-element-c7bdb97 e-con-full e-flex e-con e-parent\" data-id=\"c7bdb97\" data-element_type=\"container\" data-settings=\"{&quot;background_background&quot;:&quot;gradient&quot;}\">\n\t\t<div class=\"elementor-element elementor-element-8b4daf0 e-con-full e-flex e-con e-child\" data-id=\"8b4daf0\" data-element_type=\"container\">\n\t\t\t\t<div class=\"elementor-element elementor-element-c61b0f1 elementor-widget-divider--view-line elementor-widget elementor-widget-divider\" data-id=\"c61b0f1\" data-element_type=\"widget\" data-widget_type=\"divider.default\">\n\t\t\t\t\t\t\t<div class=\"elementor-divider\">\n\t\t\t<span class=\"elementor-divider-separator\">\n\t\t\t\t\t\t<\/span>\n\t\t<\/div>\n\t\t\t\t\t\t<\/div>\n\t\t\t\t<div class=\"elementor-element elementor-element-388dfee elementor-widget elementor-widget-icon-box\" data-id=\"388dfee\" data-element_type=\"widget\" data-widget_type=\"icon-box.default\">\n\t\t\t\t\t\t\t<div class=\"elementor-icon-box-wrapper\">\n\n\t\t\t\n\t\t\t\t\t\t<div class=\"elementor-icon-box-content\">\n\n\t\t\t\t\t\t\t\t\t<h2 class=\"elementor-icon-box-title\">\n\t\t\t\t\t\t<span  >\n\t\t\t\t\t\t\tContactez-nous rapidement et fa\u00e7onnez l'avenir de votre entreprise !\t\t\t\t\t\t<\/span>\n\t\t\t\t\t<\/h2>\n\t\t\t\t\n\t\t\t\t\n\t\t\t<\/div>\n\t\t\t\n\t\t<\/div>\n\t\t\t\t\t\t<\/div>\n\t\t\t\t<div class=\"elementor-element elementor-element-860818f elementor-mobile-align-center elementor-widget elementor-widget-button\" data-id=\"860818f\" data-element_type=\"widget\" data-widget_type=\"button.default\">\n\t\t\t\t\t\t\t\t\t\t<a class=\"elementor-button elementor-button-link elementor-size-sm\" href=\"https:\/\/swallowpc.com\/fr\/contact-us\/\">\n\t\t\t\t\t\t<span class=\"elementor-button-content-wrapper\">\n\t\t\t\t\t\t\t\t\t<span class=\"elementor-button-text\">Contactez nous<\/span>\n\t\t\t\t\t<\/span>\n\t\t\t\t\t<\/a>\n\t\t\t\t\t\t\t\t<\/div>\n\t\t\t\t<\/div>\n\t\t\t\t<\/div>\n\t\t\t\t<\/div>","protected":false},"excerpt":{"rendered":"<p>About Us Swallow Policy Consulting (SPC)\u00a0was established in 2019, with its headquarters in Singapore and a network of offices across key cities in Europe and North America. As a premier global management consultancy, we partner with clients to solve complex business challenges. Our comprehensive suite of services includes\u00a0Policy Research, Strategic Planning, Organizational Transformation, Operational Excellence, [&hellip;]<\/p>","protected":false},"author":1,"featured_media":0,"parent":0,"menu_order":0,"comment_status":"closed","ping_status":"closed","template":"","meta":{"site-sidebar-layout":"no-sidebar","site-content-layout":"page-builder","ast-site-content-layout":"default","site-content-style":"default","site-sidebar-style":"default","ast-global-header-display":"","ast-banner-title-visibility":"","ast-main-header-display":"","ast-hfb-above-header-display":"","ast-hfb-below-header-display":"","ast-hfb-mobile-header-display":"","site-post-title":"disabled","ast-breadcrumbs-content":"","ast-featured-img":"disabled","footer-sml-layout":"","ast-disable-related-posts":"","theme-transparent-header-meta":"enabled","adv-header-id-meta":"","stick-header-meta":"","header-above-stick-meta":"","header-main-stick-meta":"","header-below-stick-meta":"","astra-migrate-meta-layouts":"default","ast-page-background-enabled":"default","ast-page-background-meta":{"desktop":{"background-color":"var(--ast-global-color-4)","background-image":"","background-repeat":"repeat","background-position":"center center","background-size":"auto","background-attachment":"scroll","background-type":"","background-media":"","overlay-type":"","overlay-color":"","overlay-opacity":"","overlay-gradient":""},"tablet":{"background-color":"","background-image":"","background-repeat":"repeat","background-position":"center center","background-size":"auto","background-attachment":"scroll","background-type":"","background-media":"","overlay-type":"","overlay-color":"","overlay-opacity":"","overlay-gradient":""},"mobile":{"background-color":"","background-image":"","background-repeat":"repeat","background-position":"center center","background-size":"auto","background-attachment":"scroll","background-type":"","background-media":"","overlay-type":"","overlay-color":"","overlay-opacity":"","overlay-gradient":""}},"ast-content-background-meta":{"desktop":{"background-color":"var(--ast-global-color-5)","background-image":"","background-repeat":"repeat","background-position":"center center","background-size":"auto","background-attachment":"scroll","background-type":"","background-media":"","overlay-type":"","overlay-color":"","overlay-opacity":"","overlay-gradient":""},"tablet":{"background-color":"var(--ast-global-color-5)","background-image":"","background-repeat":"repeat","background-position":"center center","background-size":"auto","background-attachment":"scroll","background-type":"","background-media":"","overlay-type":"","overlay-color":"","overlay-opacity":"","overlay-gradient":""},"mobile":{"background-color":"var(--ast-global-color-5)","background-image":"","background-repeat":"repeat","background-position":"center center","background-size":"auto","background-attachment":"scroll","background-type":"","background-media":"","overlay-type":"","overlay-color":"","overlay-opacity":"","overlay-gradient":""}},"footnotes":""},"class_list":["post-1087","page","type-page","status-publish","hentry"],"_links":{"self":[{"href":"https:\/\/swallowpc.com\/fr\/wp-json\/wp\/v2\/pages\/1087","targetHints":{"allow":["GET"]}}],"collection":[{"href":"https:\/\/swallowpc.com\/fr\/wp-json\/wp\/v2\/pages"}],"about":[{"href":"https:\/\/swallowpc.com\/fr\/wp-json\/wp\/v2\/types\/page"}],"author":[{"embeddable":true,"href":"https:\/\/swallowpc.com\/fr\/wp-json\/wp\/v2\/users\/1"}],"replies":[{"embeddable":true,"href":"https:\/\/swallowpc.com\/fr\/wp-json\/wp\/v2\/comments?post=1087"}],"version-history":[{"count":42,"href":"https:\/\/swallowpc.com\/fr\/wp-json\/wp\/v2\/pages\/1087\/revisions"}],"predecessor-version":[{"id":1520,"href":"https:\/\/swallowpc.com\/fr\/wp-json\/wp\/v2\/pages\/1087\/revisions\/1520"}],"wp:attachment":[{"href":"https:\/\/swallowpc.com\/fr\/wp-json\/wp\/v2\/media?parent=1087"}],"curies":[{"name":"wp","href":"https:\/\/api.w.org\/{rel}","templated":true}]}}