{"id":494,"date":"2026-01-08T22:16:14","date_gmt":"2026-01-08T14:16:14","guid":{"rendered":"https:\/\/swallowpc.com\/?page_id=494"},"modified":"2026-01-13T09:29:42","modified_gmt":"2026-01-13T01:29:42","slug":"home-2","status":"publish","type":"page","link":"https:\/\/swallowpc.com\/es\/","title":{"rendered":"Inicio"},"content":{"rendered":"<div data-elementor-type=\"wp-page\" data-elementor-id=\"494\" class=\"elementor elementor-494\" data-elementor-post-type=\"page\">\n\t\t\t\t<div class=\"elementor-element elementor-element-50609a6 e-con-full e-flex e-con e-parent\" data-id=\"50609a6\" data-element_type=\"container\" data-settings=\"{&quot;background_background&quot;:&quot;classic&quot;}\">\n\t\t<div class=\"elementor-element elementor-element-aab6869 e-con-full e-flex e-con e-child\" data-id=\"aab6869\" data-element_type=\"container\" data-settings=\"{&quot;background_background&quot;:&quot;classic&quot;}\">\n\t\t\t\t<div class=\"elementor-element elementor-element-8a7388e elementor-widget-divider--view-line elementor-widget elementor-widget-divider\" data-id=\"8a7388e\" data-element_type=\"widget\" data-widget_type=\"divider.default\">\n\t\t\t\t\t\t\t<div class=\"elementor-divider\">\n\t\t\t<span class=\"elementor-divider-separator\">\n\t\t\t\t\t\t<\/span>\n\t\t<\/div>\n\t\t\t\t\t\t<\/div>\n\t\t\t\t<div class=\"elementor-element elementor-element-9f207b7 elementor-widget elementor-widget-heading\" data-id=\"9f207b7\" data-element_type=\"widget\" data-widget_type=\"heading.default\">\n\t\t\t\t\t<h1 class=\"elementor-heading-title elementor-size-default\">Perspectiva estrat\u00e9gica, <br>Impacto mundial<\/h1>\t\t\t\t<\/div>\n\t\t\t\t<div class=\"elementor-element elementor-element-3473fe4 elementor-widget elementor-widget-text-editor\" data-id=\"3473fe4\" data-element_type=\"widget\" data-widget_type=\"text-editor.default\">\n\t\t\t\t\t\t\t\t\t<p><em class=\"qk-md-em\"><span class=\"qk-md-text complete\">Integramos la investigaci\u00f3n pol\u00edtica en profundidad con la consultor\u00eda estrat\u00e9gica para ofrecer excelencia pr\u00e1ctica a su empresa global.<\/span><\/em><\/p>\t\t\t\t\t\t\t\t<\/div>\n\t\t\t\t<\/div>\n\t\t\t\t<\/div>\n\t\t<div class=\"elementor-element elementor-element-653c496 e-con-full e-flex e-con e-parent\" data-id=\"653c496\" data-element_type=\"container\">\n\t\t<div class=\"elementor-element elementor-element-aead595 e-con-full e-flex e-con e-child\" data-id=\"aead595\" data-element_type=\"container\">\n\t\t\t\t<div class=\"elementor-element elementor-element-1df819a elementor-widget-divider--view-line elementor-widget elementor-widget-divider\" data-id=\"1df819a\" data-element_type=\"widget\" data-widget_type=\"divider.default\">\n\t\t\t\t\t\t\t<div class=\"elementor-divider\">\n\t\t\t<span class=\"elementor-divider-separator\">\n\t\t\t\t\t\t<\/span>\n\t\t<\/div>\n\t\t\t\t\t\t<\/div>\n\t\t<div class=\"elementor-element elementor-element-a9b0bc3 e-con-full e-flex e-con e-child\" data-id=\"a9b0bc3\" data-element_type=\"container\">\n\t\t<div class=\"elementor-element elementor-element-d7bf04c e-con-full e-flex e-con e-child\" data-id=\"d7bf04c\" data-element_type=\"container\">\n\t\t\t\t<div class=\"elementor-element elementor-element-ce82496 elementor-widget elementor-widget-heading\" data-id=\"ce82496\" data-element_type=\"widget\" data-widget_type=\"heading.default\">\n\t\t\t\t\t<h6 class=\"elementor-heading-title elementor-size-default\">Qui\u00e9nes somos<\/h6>\t\t\t\t<\/div>\n\t\t\t\t<div class=\"elementor-element elementor-element-8ca23f2 elementor-widget elementor-widget-heading\" data-id=\"8ca23f2\" data-element_type=\"widget\" data-widget_type=\"heading.default\">\n\t\t\t\t\t<h4 class=\"elementor-heading-title elementor-size-default\">Swallow Policy Consulting (SPC) se fund\u00f3 en 2019, con sede en Singapur y una red de oficinas en ciudades clave de Europa y Norteam\u00e9rica. Como consultora de gesti\u00f3n global de primer nivel, nos asociamos con clientes para resolver complejos retos empresariales. <\/h4>\t\t\t\t<\/div>\n\t\t\t\t<\/div>\n\t\t<div class=\"elementor-element elementor-element-68263e5 e-con-full e-flex e-con e-child\" data-id=\"68263e5\" data-element_type=\"container\">\n\t\t\t\t<div class=\"elementor-element elementor-element-f4f3ea2 elementor-widget elementor-widget-heading\" data-id=\"f4f3ea2\" data-element_type=\"widget\" data-widget_type=\"heading.default\">\n\t\t\t\t\t<h6 class=\"elementor-heading-title elementor-size-default\">Qu\u00e9 hacemos<\/h6>\t\t\t\t<\/div>\n\t\t\t\t<div class=\"elementor-element elementor-element-5870df8 elementor-widget elementor-widget-heading\" data-id=\"5870df8\" data-element_type=\"widget\" data-widget_type=\"heading.default\">\n\t\t\t\t\t<h2 class=\"elementor-heading-title elementor-size-default\">Nuestra amplia gama de servicios incluye investigaci\u00f3n pol\u00edtica, planificaci\u00f3n estrat\u00e9gica, etc.<\/h2>\t\t\t\t<\/div>\n\t\t\t\t<div class=\"elementor-element elementor-element-b34f57a elementor-widget elementor-widget-button\" data-id=\"b34f57a\" data-element_type=\"widget\" data-widget_type=\"button.default\">\n\t\t\t\t\t\t\t\t\t\t<a class=\"elementor-button elementor-button-link elementor-size-sm\" href=\"#\">\n\t\t\t\t\t\t<span class=\"elementor-button-content-wrapper\">\n\t\t\t\t\t\t\t\t\t<span class=\"elementor-button-text\">Seguir leyendo<\/span>\n\t\t\t\t\t<\/span>\n\t\t\t\t\t<\/a>\n\t\t\t\t\t\t\t\t<\/div>\n\t\t\t\t<div class=\"elementor-element elementor-element-3cc71b2 elementor-widget elementor-widget-heading\" data-id=\"3cc71b2\" data-element_type=\"widget\" data-widget_type=\"heading.default\">\n\t\t\t\t\t<h4 class=\"elementor-heading-title elementor-size-default\">Ofrecemos una gama integral de servicios de asesoramiento dise\u00f1ados para impulsar el crecimiento sostenible. Nuestra oferta comienza con una profunda investigaci\u00f3n de pol\u00edticas para navegar por entornos normativos complejos, seguida de una s\u00f3lida planificaci\u00f3n estrat\u00e9gica para definir un posicionamiento claro en el mercado. Adem\u00e1s, ayudamos a los clientes a trav\u00e9s de la Optimizaci\u00f3n Organizativa para la agilidad, la Excelencia Operativa para la eficiencia y la Transformaci\u00f3n Digital para preparar a las empresas para el futuro. Mediante la integraci\u00f3n de estas disciplinas, garantizamos que nuestras soluciones no solo sean integrales, sino que tambi\u00e9n est\u00e9n adaptadas con precisi\u00f3n para abordar los retos \u00fanicos de un mercado global.<\/h4>\t\t\t\t<\/div>\n\t\t\t\t<\/div>\n\t\t\t\t<\/div>\n\t\t\t\t<div class=\"elementor-element elementor-element-7566e1f elementor-widget-divider--view-line elementor-widget elementor-widget-divider\" data-id=\"7566e1f\" data-element_type=\"widget\" data-widget_type=\"divider.default\">\n\t\t\t\t\t\t\t<div class=\"elementor-divider\">\n\t\t\t<span class=\"elementor-divider-separator\">\n\t\t\t\t\t\t<\/span>\n\t\t<\/div>\n\t\t\t\t\t\t<\/div>\n\t\t\t\t<\/div>\n\t\t\t\t<\/div>\n\t\t<div class=\"elementor-element elementor-element-94df7db e-con-full e-flex e-con e-parent\" data-id=\"94df7db\" data-element_type=\"container\" data-settings=\"{&quot;background_background&quot;:&quot;gradient&quot;}\">\n\t\t<div class=\"elementor-element elementor-element-b57c802 e-con-full e-flex e-con e-child\" data-id=\"b57c802\" data-element_type=\"container\">\n\t\t\t\t<div class=\"elementor-element elementor-element-9d6df57 elementor-widget-divider--view-line elementor-widget elementor-widget-divider\" data-id=\"9d6df57\" data-element_type=\"widget\" data-widget_type=\"divider.default\">\n\t\t\t\t\t\t\t<div class=\"elementor-divider\">\n\t\t\t<span class=\"elementor-divider-separator\">\n\t\t\t\t\t\t<\/span>\n\t\t<\/div>\n\t\t\t\t\t\t<\/div>\n\t\t\t\t<div class=\"elementor-element elementor-element-f6dd77b elementor-widget elementor-widget-icon-box\" data-id=\"f6dd77b\" data-element_type=\"widget\" data-widget_type=\"icon-box.default\">\n\t\t\t\t\t\t\t<div class=\"elementor-icon-box-wrapper\">\n\n\t\t\t\n\t\t\t\t\t\t<div class=\"elementor-icon-box-content\">\n\n\t\t\t\t\t\t\t\t\t<h2 class=\"elementor-icon-box-title\">\n\t\t\t\t\t\t<span  >\n\t\t\t\t\t\t\tP\u00f3ngase en contacto con nosotros lo antes posible y d\u00e9 forma al futuro de su empresa.\t\t\t\t\t\t<\/span>\n\t\t\t\t\t<\/h2>\n\t\t\t\t\n\t\t\t\t\n\t\t\t<\/div>\n\t\t\t\n\t\t<\/div>\n\t\t\t\t\t\t<\/div>\n\t\t\t\t<div class=\"elementor-element elementor-element-d3d4df7 elementor-mobile-align-center elementor-widget elementor-widget-button\" data-id=\"d3d4df7\" data-element_type=\"widget\" data-widget_type=\"button.default\">\n\t\t\t\t\t\t\t\t\t\t<a class=\"elementor-button elementor-button-link elementor-size-sm\" href=\"https:\/\/swallowpc.com\/es\/contact-us\/\">\n\t\t\t\t\t\t<span class=\"elementor-button-content-wrapper\">\n\t\t\t\t\t\t\t\t\t<span class=\"elementor-button-text\">P\u00f3ngase en contacto con nosotros<\/span>\n\t\t\t\t\t<\/span>\n\t\t\t\t\t<\/a>\n\t\t\t\t\t\t\t\t<\/div>\n\t\t\t\t<\/div>\n\t\t\t\t<\/div>\n\t\t<div class=\"elementor-element elementor-element-d5f3856 e-flex e-con-boxed e-con e-parent\" data-id=\"d5f3856\" data-element_type=\"container\">\n\t\t\t\t\t<div class=\"e-con-inner\">\n\t\t<div class=\"elementor-element elementor-element-872a398 e-con-full e-flex e-con e-child\" data-id=\"872a398\" data-element_type=\"container\">\n\t\t\t\t<\/div>\n\t\t\t\t\t<\/div>\n\t\t\t\t<\/div>\n\t\t\t\t<\/div>","protected":false},"excerpt":{"rendered":"<p>Strategic Insight, Global Impact Integrating deep policy research with strategic consulting to deliver actionable excellence for your global business. About us Swallow Policy Consulting (SPC) was established in 2019, with its headquarters in Singapore and a network of offices across key cities in Europe and North America. As a premier global management consultancy, we partner [&hellip;]<\/p>","protected":false},"author":1,"featured_media":0,"parent":0,"menu_order":0,"comment_status":"closed","ping_status":"closed","template":"","meta":{"site-sidebar-layout":"no-sidebar","site-content-layout":"page-builder","ast-site-content-layout":"full-width-container","site-content-style":"unboxed","site-sidebar-style":"unboxed","ast-global-header-display":"","ast-banner-title-visibility":"","ast-main-header-display":"","ast-hfb-above-header-display":"","ast-hfb-below-header-display":"","ast-hfb-mobile-header-display":"","site-post-title":"disabled","ast-breadcrumbs-content":"","ast-featured-img":"disabled","footer-sml-layout":"","ast-disable-related-posts":"","theme-transparent-header-meta":"enabled","adv-header-id-meta":"","stick-header-meta":"","header-above-stick-meta":"","header-main-stick-meta":"","header-below-stick-meta":"","astra-migrate-meta-layouts":"set","ast-page-background-enabled":"default","ast-page-background-meta":{"desktop":{"background-color":"var(--ast-global-color-4)","background-image":"","background-repeat":"repeat","background-position":"center center","background-size":"auto","background-attachment":"scroll","background-type":"","background-media":"","overlay-type":"","overlay-color":"","overlay-opacity":"","overlay-gradient":""},"tablet":{"background-color":"","background-image":"","background-repeat":"repeat","background-position":"center center","background-size":"auto","background-attachment":"scroll","background-type":"","background-media":"","overlay-type":"","overlay-color":"","overlay-opacity":"","overlay-gradient":""},"mobile":{"background-color":"","background-image":"","background-repeat":"repeat","background-position":"center center","background-size":"auto","background-attachment":"scroll","background-type":"","background-media":"","overlay-type":"","overlay-color":"","overlay-opacity":"","overlay-gradient":""}},"ast-content-background-meta":{"desktop":{"background-color":"var(--ast-global-color-5)","background-image":"","background-repeat":"repeat","background-position":"center center","background-size":"auto","background-attachment":"scroll","background-type":"","background-media":"","overlay-type":"","overlay-color":"","overlay-opacity":"","overlay-gradient":""},"tablet":{"background-color":"var(--ast-global-color-5)","background-image":"","background-repeat":"repeat","background-position":"center center","background-size":"auto","background-attachment":"scroll","background-type":"","background-media":"","overlay-type":"","overlay-color":"","overlay-opacity":"","overlay-gradient":""},"mobile":{"background-color":"var(--ast-global-color-5)","background-image":"","background-repeat":"repeat","background-position":"center center","background-size":"auto","background-attachment":"scroll","background-type":"","background-media":"","overlay-type":"","overlay-color":"","overlay-opacity":"","overlay-gradient":""}},"footnotes":""},"class_list":["post-494","page","type-page","status-publish","hentry"],"_links":{"self":[{"href":"https:\/\/swallowpc.com\/es\/wp-json\/wp\/v2\/pages\/494","targetHints":{"allow":["GET"]}}],"collection":[{"href":"https:\/\/swallowpc.com\/es\/wp-json\/wp\/v2\/pages"}],"about":[{"href":"https:\/\/swallowpc.com\/es\/wp-json\/wp\/v2\/types\/page"}],"author":[{"embeddable":true,"href":"https:\/\/swallowpc.com\/es\/wp-json\/wp\/v2\/users\/1"}],"replies":[{"embeddable":true,"href":"https:\/\/swallowpc.com\/es\/wp-json\/wp\/v2\/comments?post=494"}],"version-history":[{"count":40,"href":"https:\/\/swallowpc.com\/es\/wp-json\/wp\/v2\/pages\/494\/revisions"}],"predecessor-version":[{"id":1711,"href":"https:\/\/swallowpc.com\/es\/wp-json\/wp\/v2\/pages\/494\/revisions\/1711"}],"wp:attachment":[{"href":"https:\/\/swallowpc.com\/es\/wp-json\/wp\/v2\/media?parent=494"}],"curies":[{"name":"wp","href":"https:\/\/api.w.org\/{rel}","templated":true}]}}